{"id":60,"date":"2026-03-25T12:32:04","date_gmt":"2026-03-25T12:32:04","guid":{"rendered":"https:\/\/impulsemcampdetarragona.cat\/?page_id=60"},"modified":"2026-03-25T12:32:04","modified_gmt":"2026-03-25T12:32:04","slug":"energia-sostenible","status":"publish","type":"page","link":"https:\/\/impulsemcampdetarragona.cat\/?page_id=60","title":{"rendered":"Energia Sostenible"},"content":{"rendered":"\n<p><strong>Implantaci\u00f3 equilibrada de les energies renovables al Camp de Tarragona<\/strong><\/p>\n\n\n\n<p>El Camp de Tarragona afronta un moment decisiu en la transici\u00f3 energ\u00e8tica. La lluita contra el canvi clim\u00e0tic i la necessitat de garantir un model energ\u00e8tic sostenible fan imprescindible impulsar les energies renovables. Tanmateix, aquesta implantaci\u00f3 ha de fer-se amb criteris d\u2019equitat territorial, respecte per l\u2019autonomia local i amb mecanismes de solidaritat entre municipis.<\/p>\n\n\n\n<p>Defensem un model de desplegament de les energies renovables que reconegui el paper fonamental dels municipis i del territori. Les administracions locals han de poder participar activament en la planificaci\u00f3 i en la presa de decisions sobre els projectes que afecten el seu entorn, el seu paisatge i el seu desenvolupament socioecon\u00f2mic. El respecte per l\u2019autonomia municipal \u00e9s una condici\u00f3 imprescindible per garantir una implantaci\u00f3 ordenada, consensuada i socialment acceptada.<\/p>\n\n\n\n<p>Al mateix temps, cal recon\u00e8ixer que els municipis que decideixen apostar per la implantaci\u00f3 d\u2019instal\u00b7lacions renovables assumeixen una part significativa de l\u2019esfor\u00e7 territorial necessari per a la transici\u00f3 energ\u00e8tica del conjunt del pa\u00eds. Per aquest motiu, proposem l\u2019establiment d\u2019un sistema de compensacions entre territoris que permeti equilibrar aquest esfor\u00e7.<\/p>\n\n\n\n<p>Aquest sistema de compensacions hauria d\u2019articular-se, entre altres mesures, mitjan\u00e7ant&nbsp;<strong>suplements de cr\u00e8dit en el repartiment del Pla \u00danic d\u2019Obres i Serveis de Catalunya (PUOSC)<\/strong>&nbsp;per als municipis que acullen instal\u00b7lacions d\u2019energies renovables. Igualment, cal establir mecanismes d\u2019acc\u00e9s prioritari a subvencions i programes de suport impulsats per la Generalitat de Catalunya per a aquells municipis que contribueixen activament al desplegament de les energies renovables.<\/p>\n\n\n\n<p>Amb aquest model es promou una transici\u00f3 energ\u00e8tica justa, basada en la corresponsabilitat territorial i en el reconeixement de l\u2019esfor\u00e7 dels municipis que participen activament en la transformaci\u00f3 del model energ\u00e8tic.<\/p>\n\n\n\n<p>El Camp de Tarragona pot i ha de ser protagonista de la transici\u00f3 energ\u00e8tica, per\u00f2 aquesta nom\u00e9s ser\u00e0 viable si es construeix des del di\u00e0leg, el respecte al territori i un sistema just de compensacions que garanteixi l\u2019equilibri entre municipis.<\/p>\n\n\n\n<p><strong>Per un futur energ\u00e8tic sostenible, equilibrat i respectu\u00f3s amb el territori.<\/strong><\/p>\n\n\n\n<p><\/p>\n","protected":false},"excerpt":{"rendered":"<p>Implantaci\u00f3 equilibrada de les energies renovables al Camp de Tarragona El Camp de Tarragona afronta un moment decisiu en la transici\u00f3 energ\u00e8tica. La lluita contra el canvi clim\u00e0tic i la necessitat de garantir un model energ\u00e8tic sostenible fan imprescindible impulsar les energies renovables. Tanmateix, aquesta implantaci\u00f3 ha de fer-se amb criteris d\u2019equitat territorial, respecte per [&hellip;]<\/p>\n","protected":false},"author":1,"featured_media":0,"parent":0,"menu_order":0,"comment_status":"closed","ping_status":"closed","template":"","meta":{"footnotes":""},"class_list":["post-60","page","type-page","status-publish","hentry"],"_links":{"self":[{"href":"https:\/\/impulsemcampdetarragona.cat\/index.php?rest_route=\/wp\/v2\/pages\/60","targetHints":{"allow":["GET"]}}],"collection":[{"href":"https:\/\/impulsemcampdetarragona.cat\/index.php?rest_route=\/wp\/v2\/pages"}],"about":[{"href":"https:\/\/impulsemcampdetarragona.cat\/index.php?rest_route=\/wp\/v2\/types\/page"}],"author":[{"embeddable":true,"href":"https:\/\/impulsemcampdetarragona.cat\/index.php?rest_route=\/wp\/v2\/users\/1"}],"replies":[{"embeddable":true,"href":"https:\/\/impulsemcampdetarragona.cat\/index.php?rest_route=%2Fwp%2Fv2%2Fcomments&post=60"}],"version-history":[{"count":1,"href":"https:\/\/impulsemcampdetarragona.cat\/index.php?rest_route=\/wp\/v2\/pages\/60\/revisions"}],"predecessor-version":[{"id":61,"href":"https:\/\/impulsemcampdetarragona.cat\/index.php?rest_route=\/wp\/v2\/pages\/60\/revisions\/61"}],"wp:attachment":[{"href":"https:\/\/impulsemcampdetarragona.cat\/index.php?rest_route=%2Fwp%2Fv2%2Fmedia&parent=60"}],"curies":[{"name":"wp","href":"https:\/\/api.w.org\/{rel}","templated":true}]}}